{"id":900,"date":"2024-07-26T16:25:41","date_gmt":"2024-07-26T19:25:41","guid":{"rendered":"https:\/\/www.academiacorpore.com.br\/iate\/?page_id=900"},"modified":"2024-07-26T17:46:57","modified_gmt":"2024-07-26T20:46:57","slug":"jiu-jitsu-gracie-barra-pampulha","status":"publish","type":"page","link":"https:\/\/www.academiacorpore.com.br\/iate\/jiu-jitsu-gracie-barra-pampulha\/","title":{"rendered":"Jiu Jitsu (Gracie Barra Pampulha)"},"content":{"rendered":"\t<section class=\"section dark\" id=\"section_944513971\">\n\t\t<div class=\"bg section-bg fill bg-fill  \" >\n\n\t\t\t\n\t\t\t<div class=\"section-bg-overlay absolute fill\"><\/div>\n\t\t\t\n\n\t\t<\/div>\n\n\t\t\n\n\t\t<div class=\"section-content relative\">\n\t\t\t\n<div class=\"row\"  id=\"row-1218662999\">\n\n\t<div id=\"col-66715586\" class=\"col medium-12 small-12 large-12\"  >\n\t\t\t\t<div class=\"col-inner\"  >\n\t\t\t\n\t\t\t\n\t<div id=\"gap-370216556\" class=\"gap-element clearfix\" style=\"display:block; height:auto;\">\n\t\t\n<style>\n#gap-370216556 {\n  padding-top: 30px;\n}\n<\/style>\n\t<\/div>\n\t\n\t<div id=\"text-1639042160\" class=\"text\">\n\t\t\n<h2 class=\"uppercase alt-font\">Jiu Jitsu (Gracie Barra Pampulha)<br \/>\n<\/h2>\n\t\t\n<style>\n#text-1639042160 {\n  font-size: 1.65rem;\n  text-align: center;\n}\n@media (min-width:850px) {\n  #text-1639042160 {\n    text-align: left;\n  }\n}\n<\/style>\n\t<\/div>\n\t\n\t<div id=\"text-2182406383\" class=\"text\">\n\t\t\n<blockquote>\n<p><strong>Jiu Jitsu <\/strong><\/p>\n<\/blockquote>\n\t\t\n<style>\n#text-2182406383 {\n  text-align: center;\n}\n@media (min-width:850px) {\n  #text-2182406383 {\n    text-align: left;\n  }\n}\n<\/style>\n\t<\/div>\n\t\n\t\t<\/div>\n\t\t\t\t\n<style>\n#col-66715586 > .col-inner {\n  padding: 0px 0px 0px 0;\n}\n@media (min-width:550px) {\n  #col-66715586 > .col-inner {\n    padding: 0px 10% 0px 10%;\n  }\n}\n<\/style>\n\t<\/div>\n\n\t\n<\/div>\n\t\t<\/div>\n\n\t\t\n<style>\n#section_944513971 {\n  padding-top: 30px;\n  padding-bottom: 30px;\n  min-height: 365px;\n}\n#section_944513971 .section-bg-overlay {\n  background-color: rgba(0,0,0,.5);\n}\n#section_944513971 .section-bg.bg-loaded {\n  background-image: url(https:\/\/www.academiacorpore.com.br\/iate\/wp-content\/uploads\/2024\/07\/jiu-scaled.jpg);\n}\n#section_944513971 .section-bg {\n  background-position: 100% 28%;\n}\n#section_944513971 .ux-shape-divider--top svg {\n  height: 150px;\n  --divider-top-width: 100%;\n}\n#section_944513971 .ux-shape-divider--bottom svg {\n  height: 150px;\n  --divider-width: 100%;\n}\n<\/style>\n\t<\/section>\n\t\n\t<section class=\"section\" id=\"section_1222793234\">\n\t\t<div class=\"bg section-bg fill bg-fill  bg-loaded\" >\n\n\t\t\t\n\t\t\t\n\t\t\t\n\n\t\t<\/div>\n\n\t\t\n\n\t\t<div class=\"section-content relative\">\n\t\t\t\n<div class=\"row align-middle\" style=\"max-width:1200px\" id=\"row-565050075\">\n\n\t<div id=\"col-1881585635\" class=\"col medium-5 small-12 large-5\"  >\n\t\t\t\t<div class=\"col-inner\"  >\n\t\t\t\n\t\t\t\n<div><video controls height=\"520\" width=\"100%\"><source src=\"https:\/\/www.academiacorpore.com.br\/iate\/wp-content\/uploads\/2024\/07\/jiu-jitsu3.mp4\" type=\"video\/mp4\"><\/audio><\/div>\n<a href=\"#quadro-de-horario-lutas\" target=\"_self\" class=\"button primary is-large expand\"  >\n    <span>Quadro de Hor\u00e1rios das Aulas<\/span>\n  <\/a>\n\n\t\t<\/div>\n\t\t\t\t\t<\/div>\n\n\t\n\n\t<div id=\"col-772604500\" class=\"col medium-7 small-12 large-7\"  >\n\t\t\t\t<div class=\"col-inner\"  >\n\t\t\t\n\t\t\t\n\t<div id=\"text-456928561\" class=\"text\">\n\t\t\n<h3 class=\"uppercase\">JIU JITSU<br \/>\n<\/h3>\n\t\t\n<style>\n#text-456928561 {\n  font-size: 2.5rem;\n  line-height: 0.75;\n}\n<\/style>\n\t<\/div>\n\t\n<p style=\"text-align: justify;\">O objetivo da Gracie Barra Pampulha \u00e9 formar n\u00e3o s\u00f3 bons atletas e lutadores, mas campe\u00f5es da vida, cidad\u00e3os de bem que utilizem a verdadeira filosofia do Jiu-Jitsu (respeito, hierarquia, disciplina, companheirismo, auto-controle, bondade e honra).<\/p>\n<p style=\"text-align: justify;\"><span style=\"color: #000000;\"><strong>DIFERENCIAIS: <\/strong><\/span>Muito mais que chaves de bra\u00e7o, estrangulamentos e quedas, a Gracie Barra Pampulha, comandada pelo mestre Heman e com professores certificados pela Gracie Barra Brasil, oferece princ\u00edpios e valores para a vida.<\/p>\n<p style=\"text-align: justify;\">Por isso, a metodologia de escola \u00e9 infinitamente superior a pr\u00e1tica em \u201cacademias\u201d: uniforme, planos de aulas universais (mundialmente padronizados), diversidade de hor\u00e1rios, m\u00f3dulos que respeitam o n\u00edvel de conhecimento de cada aluno, do b\u00e1sico ao avan\u00e7ado, com turmas exclusivas para mulheres e crian\u00e7as e iniciantes, e a experi\u00eancia de uma organiza\u00e7\u00e3o que dedica-se a ensinar Jiu-Jitsu como uma ferramenta de transforma\u00e7\u00e3o para a vida.<\/p>\n<p style=\"text-align: justify;\"><strong><span style=\"color: #000000;\">Siga o nosso instagram:<\/span> <\/strong>@gppampulha<\/p>\n\t<div id=\"text-2123043799\" class=\"text hidden\">\n\t\t\n<p style=\"text-align: justify;\">Em um contexto social de alta criminalidade e viol\u00eancia, as artes marciais apresentam-se como grandes aliadas das pessoas de bem, que anseiam em aprender t\u00e9cnicas eficazes para autodefesa.<\/p>\n<p style=\"text-align: justify;\">Al\u00e9m do fator seguran\u00e7a, as artes marciais promovem o- melhora no condicionamento f\u00edsico do praticante, tanto muscular quanto cardiovascular, vis\u00edvel melhora da coordena\u00e7\u00e3o motora e de reflexos, melhora do auto-controle e da paci\u00eancia, atrav\u00e9s do respeito aos advers\u00e1rios, a humildade e a coragem, aumenta a resist\u00eancia do corpo e melhora o sistema imunol\u00f3gico. A Academia Corpore Iate oferece modalidades diversas, que atendem a todos os gostos: Jiu-Jitsu, Krav Maga e Muay Thai. Aproveite todos os benef\u00edcios da luta aqui!<\/p>\n\t\t\t<\/div>\n\t\n<div class=\"row row-small align-center hide-for-medium\"  id=\"row-1780697379\">\n\n\n\t<div id=\"col-67135638\" class=\"col hide-for-medium medium-9 small-12 large-9\"  >\n\t\t\t\t<div class=\"col-inner text-center\"  >\n\t\t\t\n\t\t\t\n\n<a href=\"#atendimento\" target=\"_self\" class=\"button secondary is-shade expand hide-for-medium\"  style=\"padding:7px 30px 7px 22px;\">\n  <i class=\"icon-envelop\" ><\/i>  <span>Mensagem<\/span>\n  <\/a>\n\n\n<a href=\"#atendimento\" target=\"_self\" class=\"button secondary is-shade show-for-small\"  style=\"padding:0px 10% 0% 10%;\">\n  <i class=\"icon-envelop\" ><\/i>  <span>Solicite um Or\u00e7amento<\/span>\n  <\/a>\n\n\n\n\t\t<\/div>\n\t\t\t\t\n<style>\n#col-67135638 > .col-inner {\n  padding: 0px 0px 0px 0;\n  margin: 0px 6px -30px -7px;\n}\n@media (min-width:550px) {\n  #col-67135638 > .col-inner {\n    padding: 0px 27px 0px 0px;\n    margin: 0px 0px -30px 10px;\n  }\n}\n<\/style>\n\t<\/div>\n\n\t\n\n\t<div id=\"col-2029776481\" class=\"col hide-for-medium medium-6 small-12 large-6\"  >\n\t\t\t\t<div class=\"col-inner text-center\"  >\n\t\t\t\n\t\t\t\n\n<div><div  data-pre_filled=\"Ol\u00e1, vim atrav\u00e9s do Academia Corpore Iate, https:\/\/www.academiacorpore.com.br\/iate\/jiu-jitsu-gracie-barra-pampulha\/ Gostaria de saber mais informa\u00e7\u00f5es.\" data-style=\"8\" style=\"display: inline; cursor: pointer; z-index: 99999999; \" class=\"ht-ctc-sc ht-ctc-sc-chat sc-style-8 ht-ctc-inline\"><style>.ht-ctc-sc .ht-ctc-style-8 .s_8 svg{order:0;margin-right: 15px;}.ht-ctc-sc:hover svg g path{fill:#ffffff !important;}.ht-ctc-sc:hover .ht-ctc-s8-text{color:#ffffff !important;}.ht-ctc-sc:hover .ht-ctc-style-8 .s_8{box-shadow: 0 3px 3px 0 rgba(7,6,6,.14), 0 1px 7px 0 rgba(0,0,0,.12), 0 3px 1px -1px rgba(0,0,0,.2) !important; transition: .2s ease-out !important; background-color:#26a69a !important; }<\/style>\n  <div class=\"ht-ctc-style-8 ctc-analytics\" style=\"display: inline-block;  \" >\n    <span class=\"s_8 waves-effect waves-light ctc-analytics\" style=\"display: flex;padding: 0 2rem;letter-spacing: .5px;transition: .2s ease-out;text-align: center;justify-content: center;align-items: center;border-radius:2px;height:36px;line-height:36px;vertical-align:middle;box-shadow:0 2px 2px 0 rgba(0,0,0,.14), 0 1px 5px 0 rgba(0,0,0,.12), 0 3px 1px -2px rgba(0,0,0,.2);box-sizing:inherit;background-color:#26a69a; \">\n      <svg style=\"display:block;\" height=\"17px\" version=\"1.1\" viewBox=\"0 0 509 512\" width=\"17px\">\n        <g fill=\"none\" fill-rule=\"evenodd\" id=\"Page-1\" stroke=\"none\" stroke-width=\"1\">\n            <path style=\"fill: #ffffff;\" d=\"M259.253137,0.00180389396 C121.502859,0.00180389396 9.83730687,111.662896 9.83730687,249.413175 C9.83730687,296.530232 22.9142299,340.597122 45.6254897,378.191325 L0.613226597,512.001804 L138.700183,467.787757 C174.430395,487.549184 215.522926,498.811168 259.253137,498.811168 C396.994498,498.811168 508.660049,387.154535 508.660049,249.415405 C508.662279,111.662896 396.996727,0.00180389396 259.253137,0.00180389396 L259.253137,0.00180389396 Z M259.253137,459.089875 C216.65782,459.089875 176.998957,446.313956 143.886359,424.41206 L63.3044195,450.21808 L89.4939401,372.345171 C64.3924908,337.776609 49.5608297,295.299463 49.5608297,249.406486 C49.5608297,133.783298 143.627719,39.7186378 259.253137,39.7186378 C374.871867,39.7186378 468.940986,133.783298 468.940986,249.406486 C468.940986,365.025215 374.874096,459.089875 259.253137,459.089875 Z M200.755924,146.247066 C196.715791,136.510165 193.62103,136.180176 187.380228,135.883632 C185.239759,135.781068 182.918689,135.682963 180.379113,135.682963 C172.338979,135.682963 164.002301,138.050856 158.97889,143.19021 C152.865178,149.44439 137.578667,164.09322 137.578667,194.171258 C137.578667,224.253755 159.487251,253.321759 162.539648,257.402027 C165.600963,261.477835 205.268745,324.111057 266.985579,349.682963 C315.157262,369.636141 329.460495,367.859106 340.450462,365.455539 C356.441543,361.9639 376.521811,350.186865 381.616571,335.917077 C386.711331,321.63837 386.711331,309.399797 385.184018,306.857991 C383.654475,304.305037 379.578667,302.782183 373.464955,299.716408 C367.351242,296.659552 337.288812,281.870254 331.68569,279.83458 C326.080339,277.796676 320.898622,278.418749 316.5887,284.378615 C310.639982,292.612729 304.918689,301.074268 300.180674,306.09099 C296.46161,310.02856 290.477218,310.577055 285.331175,308.389764 C278.564174,305.506821 259.516237,298.869139 236.160607,278.048627 C217.988923,261.847958 205.716906,241.83458 202.149458,235.711949 C198.582011,229.598236 201.835077,225.948292 204.584241,222.621648 C207.719135,218.824546 210.610997,216.097679 213.667853,212.532462 C216.724709,208.960555 218.432625,207.05866 220.470529,202.973933 C222.508433,198.898125 221.137195,194.690767 219.607652,191.629452 C218.07588,188.568136 205.835077,158.494558 200.755924,146.247066 Z\" \n            fill=\"#ffffff\" id=\"htwaicon-chat-sc\"\/>\n        <\/g>\n        <\/svg>\n      <span class=\"ht-ctc-s8-text s8_span ctc-analytics ctc_cta\" style=\"color:#ffffff;  \">\n         Chame no WhatsApp\n      <\/span>\n    <\/span>\n  <\/div>\n<\/div><\/div>\n<a rel=\"noopener noreferrer\" href=\"https:\/\/web.whatsapp.com\/send?phone=5531996181253&#038;text=\" target=\"_blank\" class=\"button secondary is-gloss expand hidden\"  >\n  <i class=\"icon-angle-down\" ><\/i>  <span>WhatsApp<\/span>\n  <\/a>\n\n\n<a rel=\"noopener noreferrer\" href=\"https:\/\/api.whatsapp.com\/send?phone=5531996181253\" target=\"_blank\" class=\"button secondary is-gloss expand hidden\"  >\n  <i class=\"icon-angle-down\" ><\/i>  <span>WhatsApp<\/span>\n  <\/a>\n\n\n\n\t\t<\/div>\n\t\t\t\t\n<style>\n#col-2029776481 > .col-inner {\n  margin: 0px 0px 0px -15px;\n}\n<\/style>\n\t<\/div>\n\n\t\n\n\t<div id=\"col-1153771149\" class=\"col show-for-small medium-6 small-12 large-6\"  >\n\t\t\t\t<div class=\"col-inner text-left\"  >\n\t\t\t\n\t\t\t\n\n<a href=\"tel:+553134410570\" target=\"_self\" class=\"button secondary is-gloss\"  style=\"padding:0px 31% 0px 30%;\">\n  <i class=\"icon-phone\" ><\/i>  <span>LIGAR<\/span>\n  <\/a>\n\n\n\n\t\t<\/div>\n\t\t\t\t\n<style>\n#col-1153771149 > .col-inner {\n  margin: 0px 0px 0px -8px;\n}\n<\/style>\n\t<\/div>\n\n\t\n\n<\/div>\n<div class=\"row row-small align-center show-for-small\"  id=\"row-1299074449\">\n\n\n\t<div id=\"col-444585640\" class=\"col show-for-small medium-11 small-12 large-11\"  >\n\t\t\t\t<div class=\"col-inner text-center\"  >\n\t\t\t\n\t\t\t\n\n<a href=\"#atendimento\" target=\"_self\" class=\"button secondary is-shade hide-for-medium\"  style=\"padding:0px 18% 0% 19%;\">\n  <i class=\"icon-envelop\" ><\/i>  <span>Solicite um Or\u00e7amento<\/span>\n  <\/a>\n\n\n<a href=\"#atendimento\" target=\"_self\" class=\"button secondary is-shade show-for-small\"  style=\"padding:0px 3% 0% 6%;\">\n  <i class=\"icon-envelop\" ><\/i>  <span>Mensagem<\/span>\n  <\/a>\n\n\n\n\t\t<\/div>\n\t\t\t\t\n<style>\n#col-444585640 > .col-inner {\n  padding: 0px 0px 0px 0;\n  margin: 0px 6px -30px -4px;\n}\n@media (min-width:550px) {\n  #col-444585640 > .col-inner {\n    padding: 0px 9px 0px 0px;\n    margin: 0px 0px -30px 10px;\n  }\n}\n<\/style>\n\t<\/div>\n\n\t\n\n\t<div id=\"col-888697139\" class=\"col show-for-small medium-6 small-12 large-6\"  >\n\t\t\t\t<div class=\"col-inner text-center\"  >\n\t\t\t\n\t\t\t\n\n<div><div  data-pre_filled=\"Ol\u00e1, vim atrav\u00e9s do Academia Corpore Iate, https:\/\/www.academiacorpore.com.br\/iate\/jiu-jitsu-gracie-barra-pampulha\/ Gostaria de saber mais informa\u00e7\u00f5es.\" data-style=\"8\" style=\"display: inline; cursor: pointer; z-index: 99999999; \" class=\"ht-ctc-sc ht-ctc-sc-chat sc-style-8 ht-ctc-inline\"><style>.ht-ctc-sc .ht-ctc-style-8 .s_8 svg{order:0;margin-right: 15px;}.ht-ctc-sc:hover svg g path{fill:#ffffff !important;}.ht-ctc-sc:hover .ht-ctc-s8-text{color:#ffffff !important;}.ht-ctc-sc:hover .ht-ctc-style-8 .s_8{box-shadow: 0 3px 3px 0 rgba(7,6,6,.14), 0 1px 7px 0 rgba(0,0,0,.12), 0 3px 1px -1px rgba(0,0,0,.2) !important; transition: .2s ease-out !important; background-color:#26a69a !important; }<\/style>\n  <div class=\"ht-ctc-style-8 ctc-analytics\" style=\"display: inline-block;  \" >\n    <span class=\"s_8 waves-effect waves-light ctc-analytics\" style=\"display: flex;padding: 0 2rem;letter-spacing: .5px;transition: .2s ease-out;text-align: center;justify-content: center;align-items: center;border-radius:2px;height:36px;line-height:36px;vertical-align:middle;box-shadow:0 2px 2px 0 rgba(0,0,0,.14), 0 1px 5px 0 rgba(0,0,0,.12), 0 3px 1px -2px rgba(0,0,0,.2);box-sizing:inherit;background-color:#26a69a; \">\n      <svg style=\"display:block;\" height=\"17px\" version=\"1.1\" viewBox=\"0 0 509 512\" width=\"17px\">\n        <g fill=\"none\" fill-rule=\"evenodd\" id=\"Page-1\" stroke=\"none\" stroke-width=\"1\">\n            <path style=\"fill: #ffffff;\" d=\"M259.253137,0.00180389396 C121.502859,0.00180389396 9.83730687,111.662896 9.83730687,249.413175 C9.83730687,296.530232 22.9142299,340.597122 45.6254897,378.191325 L0.613226597,512.001804 L138.700183,467.787757 C174.430395,487.549184 215.522926,498.811168 259.253137,498.811168 C396.994498,498.811168 508.660049,387.154535 508.660049,249.415405 C508.662279,111.662896 396.996727,0.00180389396 259.253137,0.00180389396 L259.253137,0.00180389396 Z M259.253137,459.089875 C216.65782,459.089875 176.998957,446.313956 143.886359,424.41206 L63.3044195,450.21808 L89.4939401,372.345171 C64.3924908,337.776609 49.5608297,295.299463 49.5608297,249.406486 C49.5608297,133.783298 143.627719,39.7186378 259.253137,39.7186378 C374.871867,39.7186378 468.940986,133.783298 468.940986,249.406486 C468.940986,365.025215 374.874096,459.089875 259.253137,459.089875 Z M200.755924,146.247066 C196.715791,136.510165 193.62103,136.180176 187.380228,135.883632 C185.239759,135.781068 182.918689,135.682963 180.379113,135.682963 C172.338979,135.682963 164.002301,138.050856 158.97889,143.19021 C152.865178,149.44439 137.578667,164.09322 137.578667,194.171258 C137.578667,224.253755 159.487251,253.321759 162.539648,257.402027 C165.600963,261.477835 205.268745,324.111057 266.985579,349.682963 C315.157262,369.636141 329.460495,367.859106 340.450462,365.455539 C356.441543,361.9639 376.521811,350.186865 381.616571,335.917077 C386.711331,321.63837 386.711331,309.399797 385.184018,306.857991 C383.654475,304.305037 379.578667,302.782183 373.464955,299.716408 C367.351242,296.659552 337.288812,281.870254 331.68569,279.83458 C326.080339,277.796676 320.898622,278.418749 316.5887,284.378615 C310.639982,292.612729 304.918689,301.074268 300.180674,306.09099 C296.46161,310.02856 290.477218,310.577055 285.331175,308.389764 C278.564174,305.506821 259.516237,298.869139 236.160607,278.048627 C217.988923,261.847958 205.716906,241.83458 202.149458,235.711949 C198.582011,229.598236 201.835077,225.948292 204.584241,222.621648 C207.719135,218.824546 210.610997,216.097679 213.667853,212.532462 C216.724709,208.960555 218.432625,207.05866 220.470529,202.973933 C222.508433,198.898125 221.137195,194.690767 219.607652,191.629452 C218.07588,188.568136 205.835077,158.494558 200.755924,146.247066 Z\" \n            fill=\"#ffffff\" id=\"htwaicon-chat-sc\"\/>\n        <\/g>\n        <\/svg>\n      <span class=\"ht-ctc-s8-text s8_span ctc-analytics ctc_cta\" style=\"color:#ffffff;  \">\n        Chame no WhatsApp\n      <\/span>\n    <\/span>\n  <\/div>\n<\/div><\/div>\n<a rel=\"noopener noreferrer\" href=\"https:\/\/web.whatsapp.com\/send?phone=5531996181253&#038;text=\" target=\"_blank\" class=\"button secondary is-gloss expand hidden\"  >\n  <i class=\"icon-angle-down\" ><\/i>  <span>WhatsApp<\/span>\n  <\/a>\n\n\n<a rel=\"noopener noreferrer\" href=\"https:\/\/api.whatsapp.com\/send?phone=5531996181253\" target=\"_blank\" class=\"button secondary is-gloss expand hidden\"  >\n  <i class=\"icon-angle-down\" ><\/i>  <span>WhatsApp<\/span>\n  <\/a>\n\n\n\n\t\t<\/div>\n\t\t\t\t\n<style>\n#col-888697139 > .col-inner {\n  margin: 0px 0px 2px -4px;\n}\n@media (min-width:550px) {\n  #col-888697139 > .col-inner {\n    margin: 0px 0px 3px 20px;\n  }\n}\n<\/style>\n\t<\/div>\n\n\t\n\n\t<div id=\"col-390898356\" class=\"col show-for-small medium-6 small-12 large-6\"  >\n\t\t\t\t<div class=\"col-inner text-center\"  >\n\t\t\t\n\t\t\t\n\n<a href=\"tel:+553134410570\" target=\"_self\" class=\"button secondary is-gloss hidden\"  style=\"padding:0px 19% 0px 22%;\">\n  <i class=\"icon-phone\" ><\/i>  <span>LIGUE<\/span>\n  <\/a>\n\n\n\n\t\t<\/div>\n\t\t\t\t\n<style>\n#col-390898356 > .col-inner {\n  padding: 0px 0px 0px 0px;\n  margin: -13px 0px 0px -4px;\n}\n<\/style>\n\t<\/div>\n\n\t\n\n<\/div>\n\t\t<\/div>\n\t\t\t\t\n<style>\n#col-772604500 > .col-inner {\n  padding: 0px 1% 0px 1%;\n}\n@media (min-width:550px) {\n  #col-772604500 > .col-inner {\n    padding: 0px 2% 0px 2%;\n  }\n}\n@media (min-width:850px) {\n  #col-772604500 > .col-inner {\n    padding: 0px 0px 0px 2%;\n  }\n}\n<\/style>\n\t<\/div>\n\n\t\n<\/div>\n\t\t<\/div>\n\n\t\t\n<style>\n#section_1222793234 {\n  padding-top: 60px;\n  padding-bottom: 60px;\n}\n#section_1222793234 .ux-shape-divider--top svg {\n  height: 150px;\n  --divider-top-width: 100%;\n}\n#section_1222793234 .ux-shape-divider--bottom svg {\n  height: 150px;\n  --divider-width: 100%;\n}\n<\/style>\n\t<\/section>\n\t\n","protected":false},"excerpt":{"rendered":"","protected":false},"author":1,"featured_media":0,"parent":0,"menu_order":0,"comment_status":"closed","ping_status":"closed","template":"page-blank.php","meta":{"footnotes":""},"class_list":["post-900","page","type-page","status-publish","hentry"],"_links":{"self":[{"href":"https:\/\/www.academiacorpore.com.br\/iate\/wp-json\/wp\/v2\/pages\/900","targetHints":{"allow":["GET"]}}],"collection":[{"href":"https:\/\/www.academiacorpore.com.br\/iate\/wp-json\/wp\/v2\/pages"}],"about":[{"href":"https:\/\/www.academiacorpore.com.br\/iate\/wp-json\/wp\/v2\/types\/page"}],"author":[{"embeddable":true,"href":"https:\/\/www.academiacorpore.com.br\/iate\/wp-json\/wp\/v2\/users\/1"}],"replies":[{"embeddable":true,"href":"https:\/\/www.academiacorpore.com.br\/iate\/wp-json\/wp\/v2\/comments?post=900"}],"version-history":[{"count":8,"href":"https:\/\/www.academiacorpore.com.br\/iate\/wp-json\/wp\/v2\/pages\/900\/revisions"}],"predecessor-version":[{"id":924,"href":"https:\/\/www.academiacorpore.com.br\/iate\/wp-json\/wp\/v2\/pages\/900\/revisions\/924"}],"wp:attachment":[{"href":"https:\/\/www.academiacorpore.com.br\/iate\/wp-json\/wp\/v2\/media?parent=900"}],"curies":[{"name":"wp","href":"https:\/\/api.w.org\/{rel}","templated":true}]}}