{"id":355,"date":"2022-08-10T16:37:29","date_gmt":"2022-08-10T19:37:29","guid":{"rendered":"http:\/\/academiacorporeagostinho.web15f70.uni5.net\/?page_id=355"},"modified":"2025-03-28T01:00:48","modified_gmt":"2025-03-28T04:00:48","slug":"krav-maga","status":"publish","type":"page","link":"https:\/\/www.academiacorpore.com.br\/santoagostinho\/modalidades\/krav-maga\/","title":{"rendered":"Krav Maga"},"content":{"rendered":"\t<section class=\"section dark\" id=\"section_159506752\">\n\t\t<div class=\"bg section-bg fill bg-fill  \" >\n\n\t\t\t\n\t\t\t\n\t\t\t\n\n\t\t<\/div>\n\n\t\t\n\n\t\t<div class=\"section-content relative\">\n\t\t\t\n<div class=\"row\"  id=\"row-750359668\">\n\n\t<div id=\"col-1996845780\" class=\"col medium-12 small-12 large-8\"  >\n\t\t\t\t<div class=\"col-inner\"  >\n\t\t\t\n\t\t\t\n\t<div id=\"gap-810283300\" class=\"gap-element clearfix\" style=\"display:block; height:auto;\">\n\t\t\n<style>\n#gap-810283300 {\n  padding-top: 30px;\n}\n<\/style>\n\t<\/div>\n\t\n\t<div id=\"text-3582593291\" class=\"text\">\n\t\t\n<h2 class=\"uppercase\">Krav Maga\n<\/p>\n\t\t\n<style>\n#text-3582593291 {\n  font-size: 1.65rem;\n  text-align: center;\n  color: rgb(255,255,255);\n}\n#text-3582593291 > * {\n  color: rgb(255,255,255);\n}\n@media (min-width:850px) {\n  #text-3582593291 {\n    text-align: left;\n  }\n}\n<\/style>\n\t<\/div>\n\t\n\t\t<\/div>\n\t\t\t\t\n<style>\n#col-1996845780 > .col-inner {\n  padding: 0px 0px 0px 0;\n}\n@media (min-width:550px) {\n  #col-1996845780 > .col-inner {\n    padding: 0px 10% 0px 10%;\n  }\n}\n<\/style>\n\t<\/div>\n\n\t\n<\/div>\n\t\t<\/div>\n\n\t\t\n<style>\n#section_159506752 {\n  padding-top: 10px;\n  padding-bottom: 10px;\n  min-height: 190px;\n  background-color: #27391e;\n}\n#section_159506752 .section-bg.bg-loaded {\n  background-image: 308;\n}\n#section_159506752 .section-bg {\n  background-position: 100% 28%;\n}\n#section_159506752 .ux-shape-divider--top svg {\n  height: 150px;\n  --divider-top-width: 100%;\n}\n#section_159506752 .ux-shape-divider--bottom svg {\n  height: 150px;\n  --divider-width: 100%;\n}\n@media (min-width:550px) {\n  #section_159506752 {\n    padding-top: 30px;\n    padding-bottom: 30px;\n  }\n}\n<\/style>\n\t<\/section>\n\t\n\t<section class=\"section\" id=\"section_562961115\">\n\t\t<div class=\"bg section-bg fill bg-fill  bg-loaded\" >\n\n\t\t\t\n\t\t\t\n\t\t\t\n\n\t\t<\/div>\n\n\t\t\n\n\t\t<div class=\"section-content relative\">\n\t\t\t\n<div class=\"row align-middle\" style=\"max-width:1200px\" id=\"row-932641119\">\n\n\t<div id=\"col-1377527912\" class=\"col medium-5 small-12 large-5\"  >\n\t\t\t\t<div class=\"col-inner\"  >\n\t\t\t\n\t\t\t\n\n  <div class=\"banner has-hover\" id=\"banner-1557102104\">\n          <div class=\"banner-inner fill\">\n        <div class=\"banner-bg fill\" >\n            <div class=\"bg fill bg-fill \"><\/div>\n                                    \n                    <\/div>\n\t\t\n        <div class=\"banner-layers container\">\n            <div class=\"fill banner-link\"><\/div>            \n   <div id=\"text-box-1114797090\" class=\"text-box banner-layer x50 md-x50 lg-x50 y50 md-y50 lg-y50 res-text\">\n                                <div class=\"text-box-content text dark\">\n              \n              <div class=\"text-inner text-center\">\n                  \n              <\/div>\n           <\/div>\n                            \n<style>\n#text-box-1114797090 {\n  width: 60%;\n}\n#text-box-1114797090 .text-box-content {\n  font-size: 100%;\n}\n@media (min-width:550px) {\n  #text-box-1114797090 {\n    width: 60%;\n  }\n}\n<\/style>\n    <\/div>\n \n        <\/div>\n      <\/div>\n\n            \n<style>\n#banner-1557102104 {\n  padding-top: 400px;\n  background-color: rgb(255, 255, 255);\n}\n#banner-1557102104 .bg.bg-loaded {\n  background-image: url(https:\/\/www.academiacorpore.com.br\/santoagostinho\/wp-content\/uploads\/2022\/08\/male-person-white-kimono-with-black-belt.jpg);\n}\n#banner-1557102104 .bg {\n  background-position: 75% 19%;\n}\n#banner-1557102104 .ux-shape-divider--top svg {\n  height: 150px;\n  --divider-top-width: 100%;\n}\n#banner-1557102104 .ux-shape-divider--bottom svg {\n  height: 150px;\n  --divider-width: 100%;\n}\n@media (min-width:550px) {\n  #banner-1557102104 {\n    padding-top: 357px;\n  }\n}\n<\/style>\n  <\/div>\n\n\n\t\t<\/div>\n\t\t\t\t\t<\/div>\n\n\t\n\n\t<div id=\"col-714649198\" class=\"col medium-7 small-12 large-7\"  >\n\t\t\t\t<div class=\"col-inner\"  >\n\t\t\t\n\t\t\t\n<p class=\"\" style=\"text-align: justify;\" data-start=\"46\" data-end=\"393\">\u00c9 a <strong data-start=\"50\" data-end=\"68\">defesa pessoal<\/strong> criada em Israel por <strong data-start=\"90\" data-end=\"109\">Imi Lichtenfeld<\/strong>, j\u00e1 adotada por for\u00e7as de seguran\u00e7a e civis em todo o mundo. Seu objetivo \u00e9 capacitar qualquer pessoa, independentemente de sexo, idade ou porte f\u00edsico, a se defender contra qualquer tipo de agress\u00e3o: armada ou desarmada, contra um ou v\u00e1rios agressores, tanto em p\u00e9 quanto no ch\u00e3o.<\/p>\n<p class=\"\" style=\"text-align: justify;\" data-start=\"395\" data-end=\"508\">A cada aula, uma nova <strong data-start=\"417\" data-end=\"428\">t\u00e9cnica<\/strong> \u00e9 ensinada, e aos poucos o aluno aprende a se defender de diversas agress\u00f5es.<\/p>\n<div class=\"row row-small align-center hide-for-medium\"  id=\"row-1369554357\">\n\n\n\t<div id=\"col-1549425299\" class=\"col hide-for-medium medium-6 small-12 large-6\"  >\n\t\t\t\t<div class=\"col-inner text-center\"  >\n\t\t\t\n\t\t\t\n\n<a href=\"\/santoagostinho\/pre-matricula\/\" target=\"_self\" class=\"button primary\"  style=\"padding:0px 15% 0px 15%;\">\n    <span>Pr\u00e9-Matr\u00edcula<\/span>\n  <\/a>\n\n\n\n\t\t<\/div>\n\t\t\t\t\n<style>\n#col-1549425299 > .col-inner {\n  margin: 0px 0px 0px -15px;\n}\n@media (min-width:550px) {\n  #col-1549425299 > .col-inner {\n    margin: 0px 10px 3px 17px;\n  }\n}\n<\/style>\n\t<\/div>\n\n\t\n\n\t<div id=\"col-1785612779\" class=\"col hide-for-medium medium-6 small-12 large-6\"  >\n\t\t\t\t<div class=\"col-inner text-left\"  >\n\t\t\t\n\t\t\t\n\n<a href=\"\/santoagostinho\/contato\/\" target=\"_self\" class=\"button secondary is-gloss\"  style=\"padding:0px 15% 0px 15%;\">\n  <i class=\"icon-angle-down\" ><\/i>  <span>CONTATO<\/span>\n  <\/a>\n\n\n\n\t\t<\/div>\n\t\t\t\t\n<style>\n#col-1785612779 > .col-inner {\n  margin: 0px 0px 0px -20px;\n}\n<\/style>\n\t<\/div>\n\n\t\n\n<\/div>\n<div class=\"row row-small align-center show-for-small\"  id=\"row-2060367913\">\n\n\n\t<div id=\"col-952317878\" class=\"col show-for-small medium-6 small-12 large-6\"  >\n\t\t\t\t<div class=\"col-inner text-center\"  >\n\t\t\t\n\t\t\t\n\n<a href=\"#pre-matricula\" target=\"_self\" class=\"button primary expand\"  >\n  <i class=\"icon-angle-down\" ><\/i>  <span>Pr\u00e9-Matr\u00edcula<\/span>\n  <\/a>\n\n\n\n\t\t<\/div>\n\t\t\t\t\n<style>\n#col-952317878 > .col-inner {\n  padding: 0px 0px 0px 0px;\n  margin: 17px 0px 0px -4px;\n}\n<\/style>\n\t<\/div>\n\n\t\n\n\t<div id=\"col-463906822\" class=\"col show-for-small medium-6 small-12 large-6\"  >\n\t\t\t\t<div class=\"col-inner text-center\"  >\n\t\t\t\n\t\t\t\n\n<a href=\"\/santoagostinho\/contato\/\" target=\"_self\" class=\"button secondary is-gloss expand\"  >\n  <i class=\"icon-angle-down\" ><\/i>  <span>CONTATO<\/span>\n  <\/a>\n\n\n\n\t\t<\/div>\n\t\t\t\t\n<style>\n#col-463906822 > .col-inner {\n  padding: 0px 0px 0px 0px;\n  margin: -13px 0px 0px -4px;\n}\n<\/style>\n\t<\/div>\n\n\t\n\n<\/div>\n\t\t<\/div>\n\t\t\t\t\n<style>\n#col-714649198 > .col-inner {\n  padding: 0px 1% 0px 1%;\n}\n@media (min-width:550px) {\n  #col-714649198 > .col-inner {\n    padding: 0px 2% 0px 2%;\n  }\n}\n@media (min-width:850px) {\n  #col-714649198 > .col-inner {\n    padding: 0px 0px 0px 2%;\n  }\n}\n<\/style>\n\t<\/div>\n\n\t\n<\/div>\n\t\t<\/div>\n\n\t\t\n<style>\n#section_562961115 {\n  padding-top: 30px;\n  padding-bottom: 30px;\n}\n#section_562961115 .ux-shape-divider--top svg {\n  height: 150px;\n  --divider-top-width: 100%;\n}\n#section_562961115 .ux-shape-divider--bottom svg {\n  height: 150px;\n  --divider-width: 100%;\n}\n<\/style>\n\t<\/section>\n\t\n","protected":false},"excerpt":{"rendered":"","protected":false},"author":1,"featured_media":0,"parent":384,"menu_order":0,"comment_status":"closed","ping_status":"closed","template":"page-blank.php","meta":[],"_links":{"self":[{"href":"https:\/\/www.academiacorpore.com.br\/santoagostinho\/wp-json\/wp\/v2\/pages\/355"}],"collection":[{"href":"https:\/\/www.academiacorpore.com.br\/santoagostinho\/wp-json\/wp\/v2\/pages"}],"about":[{"href":"https:\/\/www.academiacorpore.com.br\/santoagostinho\/wp-json\/wp\/v2\/types\/page"}],"author":[{"embeddable":true,"href":"https:\/\/www.academiacorpore.com.br\/santoagostinho\/wp-json\/wp\/v2\/users\/1"}],"replies":[{"embeddable":true,"href":"https:\/\/www.academiacorpore.com.br\/santoagostinho\/wp-json\/wp\/v2\/comments?post=355"}],"version-history":[{"count":8,"href":"https:\/\/www.academiacorpore.com.br\/santoagostinho\/wp-json\/wp\/v2\/pages\/355\/revisions"}],"predecessor-version":[{"id":638,"href":"https:\/\/www.academiacorpore.com.br\/santoagostinho\/wp-json\/wp\/v2\/pages\/355\/revisions\/638"}],"up":[{"embeddable":true,"href":"https:\/\/www.academiacorpore.com.br\/santoagostinho\/wp-json\/wp\/v2\/pages\/384"}],"wp:attachment":[{"href":"https:\/\/www.academiacorpore.com.br\/santoagostinho\/wp-json\/wp\/v2\/media?parent=355"}],"curies":[{"name":"wp","href":"https:\/\/api.w.org\/{rel}","templated":true}]}}