{"id":387,"date":"2022-08-10T16:55:35","date_gmt":"2022-08-10T19:55:35","guid":{"rendered":"http:\/\/academiacorporeagostinho.web15f70.uni5.net\/?page_id=387"},"modified":"2025-03-28T15:04:36","modified_gmt":"2025-03-28T18:04:36","slug":"programas","status":"publish","type":"page","link":"https:\/\/www.academiacorpore.com.br\/santoagostinho\/programas\/","title":{"rendered":"Programas"},"content":{"rendered":"\t<section class=\"section dark\" id=\"section_1805761799\">\n\t\t<div class=\"bg section-bg fill bg-fill  \" >\n\n\t\t\t\n\t\t\t\n\t\t\t\n\n\t\t<\/div>\n\n\t\t\n\n\t\t<div class=\"section-content relative\">\n\t\t\t\n<div class=\"row\"  id=\"row-828326462\">\n\n\t<div id=\"col-1213438403\" class=\"col medium-12 small-12 large-10\"  >\n\t\t\t\t<div class=\"col-inner\"  >\n\t\t\t\n\t\t\t\n\t<div id=\"gap-1693955244\" class=\"gap-element clearfix\" style=\"display:block; height:auto;\">\n\t\t\n<style>\n#gap-1693955244 {\n  padding-top: 30px;\n}\n<\/style>\n\t<\/div>\n\t\n\t<div id=\"text-876927783\" class=\"text\">\n\t\t\n<h2 class=\"uppercase\">Programas<\/p>\n\t\t\n<style>\n#text-876927783 {\n  font-size: 1.65rem;\n  text-align: center;\n  color: rgb(255,255,255);\n}\n#text-876927783 > * {\n  color: rgb(255,255,255);\n}\n@media (min-width:850px) {\n  #text-876927783 {\n    text-align: left;\n  }\n}\n<\/style>\n\t<\/div>\n\t\n\t\t<\/div>\n\t\t\t\t\n<style>\n#col-1213438403 > .col-inner {\n  padding: 0px 0px 0px 0;\n}\n@media (min-width:550px) {\n  #col-1213438403 > .col-inner {\n    padding: 0px 10% 0px 10%;\n  }\n}\n<\/style>\n\t<\/div>\n\n\t\n<\/div>\n\t\t<\/div>\n\n\t\t\n<style>\n#section_1805761799 {\n  padding-top: 10px;\n  padding-bottom: 10px;\n  min-height: 190px;\n  background-color: #27391e;\n}\n#section_1805761799 .section-bg.bg-loaded {\n  background-image: 308;\n}\n#section_1805761799 .section-bg {\n  background-position: 100% 28%;\n}\n#section_1805761799 .ux-shape-divider--top svg {\n  height: 150px;\n  --divider-top-width: 100%;\n}\n#section_1805761799 .ux-shape-divider--bottom svg {\n  height: 150px;\n  --divider-width: 100%;\n}\n@media (min-width:550px) {\n  #section_1805761799 {\n    padding-top: 30px;\n    padding-bottom: 30px;\n  }\n}\n<\/style>\n\t<\/section>\n\t\n\t<section class=\"section\" id=\"section_929583933\">\n\t\t<div class=\"bg section-bg fill bg-fill  bg-loaded\" >\n\n\t\t\t\n\t\t\t\n\t\t\t\n\n\t\t<\/div>\n\n\t\t\n\n\t\t<div class=\"section-content relative\">\n\t\t\t\n\t<div id=\"stack-1426794861\" class=\"stack stack-row justify-start items-stretch\">\n\t\t\n\n\t\t<div class=\"tabbed-content\">\n\t\t\t\n\t\t\t<ul class=\"nav nav-line-bottom nav-uppercase nav-size-normal nav-center\"><li class=\"tab active has-icon\"><a href=\"#tab_performance\"><span>Performance<\/span><\/a><\/li>\n<li class=\"tab has-icon\"><a href=\"#tab_fortalecimento\"><span>Fortalecimento<\/span><\/a><\/li>\n<li class=\"tab has-icon\"><a href=\"#tab_emagrecimento\"><span>Emagrecimento<\/span><\/a><\/li>\n<li class=\"tab has-icon\"><a href=\"#tab_bem-estar\"><span>Bem Estar<\/span><\/a><\/li>\n<li class=\"tab has-icon\"><a href=\"#tab_perfomance\"><span>Perfomance<\/span><\/a><\/li>\n<li class=\"tab has-icon\"><a href=\"#tab_30-express\"><span>30 Express<\/span><\/a><\/li><\/ul><div class=\"tab-panels\"><div class=\"panel active entry-content\" id=\"tab_performance\">\n<div class=\"row row-large align-middle\"  id=\"row-934859279\">\n\n\t<div id=\"col-1394559312\" class=\"col medium-5 small-12 large-5\"  >\n\t\t\t\t<div class=\"col-inner\"  >\n\t\t\t\n\t\t\t\n\t<div class=\"img has-hover x md-x lg-x y md-y lg-y\" id=\"image_369265270\">\n\t\t\t\t\t\t\t\t<div class=\"img-inner dark\" >\n\t\t\t<img width=\"480\" height=\"360\" src=\"https:\/\/www.academiacorpore.com.br\/santoagostinho\/wp-content\/uploads\/2022\/08\/performance1.jpg\" class=\"attachment-large size-large\" alt=\"\" loading=\"lazy\" \/>\t\t\t\t\t\t\n\t\t\t\t\t<\/div>\n\t\t\t\t\t\t\t\t\n<style>\n#image_369265270 {\n  width: 100%;\n}\n<\/style>\n\t<\/div>\n\t\n\t\t<\/div>\n\t\t\t\t\t<\/div>\n\n\t\n\n\t<div id=\"col-97695757\" class=\"col medium-7 small-12 large-7\"  >\n\t\t\t\t<div class=\"col-inner\"  >\n\t\t\t\n\t\t\t\n<h2 style=\"text-align: justify;\">Performance<\/h2>\n<p class=\"\" style=\"text-align: justify;\" data-start=\"73\" data-end=\"200\">Quer melhorar seu condicionamento f\u00edsico? Voc\u00ea \u00e9 corredor de fim de semana, ciclista, maratonista&#8230; qual \u00e9 a sua modalidade?<\/p>\n<p class=\"\" style=\"text-align: justify;\" data-start=\"202\" data-end=\"521\">Com nossos treinadores, voc\u00ea ter\u00e1 acesso a treinos coletivos indoor, planilhas personalizadas e periodizadas de acordo com seus objetivos. Al\u00e9m de um alto \u00edndice de queima cal\u00f3rica, esse treinamento proporciona o desenvolvimento da for\u00e7a e da resist\u00eancia muscular, adaptados aos limites do seu desenvolvimento f\u00edsico.<\/p>\n<p class=\"\" style=\"text-align: justify;\" data-start=\"523\" data-end=\"707\">O programa tamb\u00e9m oferece prepara\u00e7\u00e3o para eventos e competi\u00e7\u00f5es. Nossos eventos far\u00e3o parte do seu calend\u00e1rio de provas! Indicado para n\u00edveis <strong data-start=\"665\" data-end=\"704\">iniciante, intermedi\u00e1rio e avan\u00e7ado<\/strong>.<\/p>\n\t\t<\/div>\n\t\t\t\t\t<\/div>\n\n\t\n<\/div>\n<\/div>\n<div class=\"panel entry-content\" id=\"tab_fortalecimento\">\n<div class=\"row row-large align-middle\"  id=\"row-868341534\">\n\n\t<div id=\"col-53789164\" class=\"col medium-5 small-12 large-5\"  >\n\t\t\t\t<div class=\"col-inner\"  >\n\t\t\t\n\t\t\t\n\t<div class=\"img has-hover x md-x lg-x y md-y lg-y\" id=\"image_670722210\">\n\t\t\t\t\t\t\t\t<div class=\"img-inner dark\" >\n\t\t\t<img width=\"480\" height=\"360\" src=\"https:\/\/www.academiacorpore.com.br\/santoagostinho\/wp-content\/uploads\/2022\/08\/fortalecimento1.jpg\" class=\"attachment-large size-large\" alt=\"\" loading=\"lazy\" \/>\t\t\t\t\t\t\n\t\t\t\t\t<\/div>\n\t\t\t\t\t\t\t\t\n<style>\n#image_670722210 {\n  width: 100%;\n}\n<\/style>\n\t<\/div>\n\t\n\t\t<\/div>\n\t\t\t\t\t<\/div>\n\n\t\n\n\t<div id=\"col-1354490077\" class=\"col medium-7 small-12 large-7\"  >\n\t\t\t\t<div class=\"col-inner\"  >\n\t\t\t\n\t\t\t\n<h3 class=\"\" style=\"text-align: justify;\" data-start=\"70\" data-end=\"90\">Fortalecimento<\/h3>\n<p class=\"\" style=\"text-align: justify;\" data-start=\"92\" data-end=\"182\">Pensar em qualidade de vida \u00e9 pensar em sa\u00fade \u2014 e m\u00fasculos significam muitos benef\u00edcios!<\/p>\n<p class=\"\" style=\"text-align: justify;\" data-start=\"184\" data-end=\"415\">Este programa \u00e9 focado no crescimento muscular, com treinos individualizados definidos de acordo com seus objetivos. Al\u00e9m disso, a periodiza\u00e7\u00e3o acompanha seu desenvolvimento de forma precisa, permitindo mensura\u00e7\u00e3o em cent\u00edmetros.<\/p>\n<p class=\"\" style=\"text-align: justify;\" data-start=\"417\" data-end=\"521\">Para melhores resultados, oferecemos acompanhamento nutricional direcionado ao aumento de massa magra.<\/p>\n<p class=\"\" style=\"text-align: justify;\" data-start=\"523\" data-end=\"690\">Se voc\u00ea busca melhorar sua autoestima e condicionamento f\u00edsico, este \u00e9 um excelente programa de treino! Indicado para n\u00edveis <strong data-start=\"648\" data-end=\"687\">iniciante, intermedi\u00e1rio e avan\u00e7ado<\/strong>.<\/p>\n\t\t<\/div>\n\t\t\t\t\t<\/div>\n\n\t\n<\/div>\n<\/div>\n<div class=\"panel entry-content\" id=\"tab_emagrecimento\">\n<div class=\"row row-large align-middle\"  id=\"row-607512708\">\n\n\t<div id=\"col-1334169936\" class=\"col medium-5 small-12 large-5\"  >\n\t\t\t\t<div class=\"col-inner\"  >\n\t\t\t\n\t\t\t\n\t<div class=\"img has-hover x md-x lg-x y md-y lg-y\" id=\"image_1988488288\">\n\t\t\t\t\t\t\t\t<div class=\"img-inner dark\" >\n\t\t\t<img width=\"480\" height=\"360\" src=\"https:\/\/www.academiacorpore.com.br\/santoagostinho\/wp-content\/uploads\/2022\/08\/emagrecimento1.jpg\" class=\"attachment-large size-large\" alt=\"\" loading=\"lazy\" \/>\t\t\t\t\t\t\n\t\t\t\t\t<\/div>\n\t\t\t\t\t\t\t\t\n<style>\n#image_1988488288 {\n  width: 100%;\n}\n<\/style>\n\t<\/div>\n\t\n\t\t<\/div>\n\t\t\t\t\t<\/div>\n\n\t\n\n\t<div id=\"col-738274372\" class=\"col medium-7 small-12 large-7\"  >\n\t\t\t\t<div class=\"col-inner\"  >\n\t\t\t\n\t\t\t\n<h3 class=\"\" style=\"text-align: justify;\" data-start=\"48\" data-end=\"67\">Emagrecimento<\/h3>\n<p class=\"\" style=\"text-align: justify;\" data-start=\"69\" data-end=\"213\">Este \u00e9 um programa para homens e mulheres acima do peso que buscam <strong data-start=\"136\" data-end=\"165\">sa\u00fade e qualidade de vida<\/strong> por meio da redu\u00e7\u00e3o do percentual de gordura.<\/p>\n<p class=\"\" style=\"text-align: justify;\" data-start=\"215\" data-end=\"459\">Os treinos s\u00e3o <strong data-start=\"230\" data-end=\"255\">din\u00e2micos e aer\u00f3bicos<\/strong>, desenvolvidos para elevar a taxa de queima cal\u00f3rica. Aliados a um processo de <strong data-start=\"335\" data-end=\"359\">reeduca\u00e7\u00e3o alimentar<\/strong>, eles ajudam voc\u00ea a alcan\u00e7ar suas metas, que ser\u00e3o monitoradas por meio de avalia\u00e7\u00f5es peri\u00f3dicas.<\/p>\n<p class=\"\" style=\"text-align: justify;\" data-start=\"461\" data-end=\"557\">Podemos te ajudar nessa jornada! Indicado para n\u00edveis <strong data-start=\"515\" data-end=\"554\">iniciante, intermedi\u00e1rio e avan\u00e7ado<\/strong>.<\/p>\n\t\t<\/div>\n\t\t\t\t\t<\/div>\n\n\t\n<\/div>\n<\/div>\n<div class=\"panel entry-content\" id=\"tab_bem-estar\">\n<div class=\"row row-large align-middle\"  id=\"row-49379081\">\n\n\t<div id=\"col-1902145051\" class=\"col medium-5 small-12 large-5\"  >\n\t\t\t\t<div class=\"col-inner\"  >\n\t\t\t\n\t\t\t\n\t<div class=\"img has-hover x md-x lg-x y md-y lg-y\" id=\"image_1131089647\">\n\t\t\t\t\t\t\t\t<div class=\"img-inner dark\" >\n\t\t\t<img width=\"480\" height=\"360\" src=\"https:\/\/www.academiacorpore.com.br\/santoagostinho\/wp-content\/uploads\/2022\/08\/bemestar1.jpg\" class=\"attachment-large size-large\" alt=\"\" loading=\"lazy\" \/>\t\t\t\t\t\t\n\t\t\t\t\t<\/div>\n\t\t\t\t\t\t\t\t\n<style>\n#image_1131089647 {\n  width: 100%;\n}\n<\/style>\n\t<\/div>\n\t\n\t\t<\/div>\n\t\t\t\t\t<\/div>\n\n\t\n\n\t<div id=\"col-383478829\" class=\"col medium-7 small-12 large-7\"  >\n\t\t\t\t<div class=\"col-inner\"  >\n\t\t\t\n\t\t\t\n<h3 class=\"\" style=\"text-align: justify;\" data-start=\"48\" data-end=\"63\">Bem-Estar<\/h3>\n<p class=\"\" style=\"text-align: justify;\" data-start=\"65\" data-end=\"139\">Relaxe. Respire melhor. Quer ter um dia a dia mais tranquilo e saud\u00e1vel?<\/p>\n<p class=\"\" style=\"text-align: justify;\" data-start=\"141\" data-end=\"336\">Nossos profissionais est\u00e3o preparados para criar um programa que <strong data-start=\"206\" data-end=\"285\">reduza o estresse, alivie dores lombares e musculares e melhore sua postura<\/strong>. Tenha dias muito mais agrad\u00e1veis consigo mesmo!<\/p>\n<p class=\"\" style=\"text-align: justify;\" data-start=\"338\" data-end=\"561\">Al\u00e9m disso, voc\u00ea poder\u00e1 conhecer novas pessoas, se divertir e praticar atividades f\u00edsicas em um ambiente descontra\u00eddo. Nossa equipe de <strong data-start=\"473\" data-end=\"506\">fisioterapeutas e instrutores<\/strong> estar\u00e1 \u00e0 sua disposi\u00e7\u00e3o para oferecer total suporte.<\/p>\n<p class=\"\" style=\"text-align: justify;\" data-start=\"563\" data-end=\"597\"><strong data-start=\"563\" data-end=\"595\">Fa\u00e7a parte da nossa fam\u00edlia!<\/strong><\/p>\n\t\t<\/div>\n\t\t\t\t\t<\/div>\n\n\t\n<\/div>\n<\/div>\n<div class=\"panel entry-content\" id=\"tab_perfomance\">\n<div class=\"row row-large align-middle\"  id=\"row-1885136262\">\n\n\t<div id=\"col-1665547216\" class=\"col medium-5 small-12 large-5\"  >\n\t\t\t\t<div class=\"col-inner\"  >\n\t\t\t\n\t\t\t\n\t<div class=\"img has-hover x md-x lg-x y md-y lg-y\" id=\"image_1961078487\">\n\t\t\t\t\t\t\t\t<div class=\"img-inner dark\" >\n\t\t\t<img width=\"480\" height=\"360\" src=\"https:\/\/www.academiacorpore.com.br\/santoagostinho\/wp-content\/uploads\/2022\/08\/saude1.jpg\" class=\"attachment-large size-large\" alt=\"\" loading=\"lazy\" \/>\t\t\t\t\t\t\n\t\t\t\t\t<\/div>\n\t\t\t\t\t\t\t\t\n<style>\n#image_1961078487 {\n  width: 100%;\n}\n<\/style>\n\t<\/div>\n\t\n\t\t<\/div>\n\t\t\t\t\t<\/div>\n\n\t\n\n\t<div id=\"col-1940216214\" class=\"col medium-7 small-12 large-7\"  >\n\t\t\t\t<div class=\"col-inner\"  >\n\t\t\t\n\t\t\t\n<h3 class=\"\" style=\"text-align: justify;\" data-start=\"48\" data-end=\"65\">Performance<\/h3>\n<p class=\"\" style=\"text-align: justify;\" data-start=\"67\" data-end=\"246\">Aqui, voc\u00ea encontra <strong data-start=\"87\" data-end=\"117\">profissionais qualificados<\/strong> para cuidar da sua sa\u00fade com aten\u00e7\u00e3o e dedica\u00e7\u00e3o. Se voc\u00ea est\u00e1 em uma situa\u00e7\u00e3o especial, saiba que isso faz de voc\u00ea <strong data-start=\"234\" data-end=\"243\">\u00fanico<\/strong>!<\/p>\n<p class=\"\" style=\"text-align: justify;\" data-start=\"248\" data-end=\"515\">Seus treinos ter\u00e3o <strong data-start=\"267\" data-end=\"296\">acompanhamento espec\u00edfico<\/strong>, adaptado ao seu desenvolvimento e \u00e0s suas necessidades. Seja para <strong data-start=\"364\" data-end=\"456\">gestantes, hipertensos, diab\u00e9ticos, reabilita\u00e7\u00e3o ou portadores de necessidades especiais<\/strong>, respeitamos a <strong data-start=\"472\" data-end=\"501\">individualidade biol\u00f3gica<\/strong> de cada um.<\/p>\n<p class=\"\" style=\"text-align: justify;\" data-start=\"517\" data-end=\"577\"><strong data-start=\"517\" data-end=\"575\">Torne-se cada dia mais saud\u00e1vel, por voc\u00ea e para voc\u00ea!<\/strong><\/p>\n<h4 class=\"\" style=\"text-align: justify;\" data-start=\"579\" data-end=\"606\">Nossos diferenciais:<\/h4>\n<p class=\"\" style=\"text-align: justify;\" data-start=\"607\" data-end=\"872\">\u2705 Acompanhamento para <strong data-start=\"629\" data-end=\"654\">gestantes e p\u00f3s-parto<\/strong><br data-start=\"654\" data-end=\"657\" \/>\u2705 Treinamento especial para <strong data-start=\"685\" data-end=\"713\">diab\u00e9ticos e hipertensos<\/strong>, com controle de glicemia e press\u00e3o<br data-start=\"749\" data-end=\"752\" \/>\u2705 Atividades individualizadas a partir de <strong data-start=\"794\" data-end=\"813\">3 anos de idade<\/strong><br data-start=\"813\" data-end=\"816\" \/>\u2705 <strong data-start=\"818\" data-end=\"834\">Reabilita\u00e7\u00e3o<\/strong> com acompanhamento fisioterap\u00eautico<\/p>\n\t\t<\/div>\n\t\t\t\t\t<\/div>\n\n\t\n<\/div>\n<\/div>\n<div class=\"panel entry-content\" id=\"tab_30-express\">\n<div class=\"row row-large align-middle\"  id=\"row-603964675\">\n\n\t<div id=\"col-728715045\" class=\"col medium-5 small-12 large-5\"  >\n\t\t\t\t<div class=\"col-inner\"  >\n\t\t\t\n\t\t\t\n\t<div class=\"img has-hover x md-x lg-x y md-y lg-y\" id=\"image_1716323590\">\n\t\t\t\t\t\t\t\t<div class=\"img-inner dark\" >\n\t\t\t<img width=\"480\" height=\"360\" src=\"https:\/\/www.academiacorpore.com.br\/santoagostinho\/wp-content\/uploads\/2022\/08\/30express1.jpg\" class=\"attachment-large size-large\" alt=\"\" loading=\"lazy\" \/>\t\t\t\t\t\t\n\t\t\t\t\t<\/div>\n\t\t\t\t\t\t\t\t\n<style>\n#image_1716323590 {\n  width: 100%;\n}\n<\/style>\n\t<\/div>\n\t\n\t\t<\/div>\n\t\t\t\t\t<\/div>\n\n\t\n\n\t<div id=\"col-2075998379\" class=\"col medium-7 small-12 large-7\"  >\n\t\t\t\t<div class=\"col-inner\"  >\n\t\t\t\n\t\t\t\n<h3 class=\"\" style=\"text-align: justify;\" data-start=\"48\" data-end=\"64\">30 Express<\/h3>\n<p class=\"\" style=\"text-align: justify;\" data-start=\"66\" data-end=\"197\">Quer melhorar seu <strong data-start=\"84\" data-end=\"110\">condicionamento f\u00edsico<\/strong>? Voc\u00ea \u00e9 corredor de fim de semana, ciclista, maratonista&#8230; qual \u00e9 a sua modalidade?<\/p>\n<p class=\"\" style=\"text-align: justify;\" data-start=\"199\" data-end=\"355\">Com nossos treinadores, voc\u00ea ter\u00e1 acesso a <strong data-start=\"242\" data-end=\"270\">treinos coletivos indoor<\/strong>, al\u00e9m de <strong data-start=\"280\" data-end=\"323\">planilhas personalizadas e periodizadas<\/strong> de acordo com seus objetivos.<\/p>\n<p class=\"\" style=\"text-align: justify;\" data-start=\"357\" data-end=\"549\">Al\u00e9m de um <strong data-start=\"368\" data-end=\"402\">alto \u00edndice de queima cal\u00f3rica<\/strong>, esse treinamento promove o desenvolvimento da <strong data-start=\"450\" data-end=\"485\">for\u00e7a e da resist\u00eancia muscular<\/strong>, sempre respeitando os limites do seu desenvolvimento f\u00edsico.<\/p>\n<p class=\"\" style=\"text-align: justify;\" data-start=\"551\" data-end=\"680\">O programa tamb\u00e9m inclui <strong data-start=\"576\" data-end=\"617\">prepara\u00e7\u00e3o para eventos e competi\u00e7\u00f5es<\/strong>, tornando nossos desafios parte do seu calend\u00e1rio de provas!<\/p>\n<p class=\"\" style=\"text-align: justify;\" data-start=\"682\" data-end=\"745\">Indicado para n\u00edveis <strong data-start=\"703\" data-end=\"742\">iniciante, intermedi\u00e1rio e avan\u00e7ado<\/strong>.<\/p>\n\t\t<\/div>\n\t\t\t\t\t<\/div>\n\n\t\n<\/div>\n<\/div><\/div><\/div>\n\t\t\n<style>\n#stack-1426794861 > * {\n  --stack-gap: 0rem;\n}\n<\/style>\n\t<\/div>\n\t\n\t\t<\/div>\n\n\t\t\n<style>\n#section_929583933 {\n  padding-top: 30px;\n  padding-bottom: 30px;\n}\n#section_929583933 .ux-shape-divider--top svg {\n  height: 150px;\n  --divider-top-width: 100%;\n}\n#section_929583933 .ux-shape-divider--bottom svg {\n  height: 150px;\n  --divider-width: 100%;\n}\n<\/style>\n\t<\/section>\n\t\n","protected":false},"excerpt":{"rendered":"","protected":false},"author":1,"featured_media":0,"parent":0,"menu_order":0,"comment_status":"closed","ping_status":"closed","template":"page-blank.php","meta":[],"_links":{"self":[{"href":"https:\/\/www.academiacorpore.com.br\/santoagostinho\/wp-json\/wp\/v2\/pages\/387"}],"collection":[{"href":"https:\/\/www.academiacorpore.com.br\/santoagostinho\/wp-json\/wp\/v2\/pages"}],"about":[{"href":"https:\/\/www.academiacorpore.com.br\/santoagostinho\/wp-json\/wp\/v2\/types\/page"}],"author":[{"embeddable":true,"href":"https:\/\/www.academiacorpore.com.br\/santoagostinho\/wp-json\/wp\/v2\/users\/1"}],"replies":[{"embeddable":true,"href":"https:\/\/www.academiacorpore.com.br\/santoagostinho\/wp-json\/wp\/v2\/comments?post=387"}],"version-history":[{"count":13,"href":"https:\/\/www.academiacorpore.com.br\/santoagostinho\/wp-json\/wp\/v2\/pages\/387\/revisions"}],"predecessor-version":[{"id":656,"href":"https:\/\/www.academiacorpore.com.br\/santoagostinho\/wp-json\/wp\/v2\/pages\/387\/revisions\/656"}],"wp:attachment":[{"href":"https:\/\/www.academiacorpore.com.br\/santoagostinho\/wp-json\/wp\/v2\/media?parent=387"}],"curies":[{"name":"wp","href":"https:\/\/api.w.org\/{rel}","templated":true}]}}